{"id":1851,"date":"2020-10-06T10:54:42","date_gmt":"2020-10-06T10:54:42","guid":{"rendered":"https:\/\/conecta4.cl\/?page_id=1851"},"modified":"2020-10-08T06:29:19","modified_gmt":"2020-10-08T06:29:19","slug":"retoval","status":"publish","type":"page","link":"https:\/\/conecta4.cl\/?page_id=1851","title":{"rendered":"RETOVAL"},"content":{"rendered":"<p><div class=\"fusion-fullwidth fullwidth-box fusion-builder-row-1 fusion-flex-container nonhundred-percent-fullwidth non-hundred-percent-height-scrolling fusion-no-small-visibility fusion-no-medium-visibility\" style=\"--awb-border-radius-top-left:0px;--awb-border-radius-top-right:0px;--awb-border-radius-bottom-right:0px;--awb-border-radius-bottom-left:0px;--awb-margin-top:100px;--awb-margin-bottom:100px;--awb-flex-wrap:wrap;\" ><div class=\"fusion-builder-row fusion-row fusion-flex-align-items-center fusion-flex-content-wrap\" style=\"max-width:1508px;margin-left: calc(-4% \/ 2 );margin-right: calc(-4% \/ 2 );\"><div class=\"fusion-layout-column fusion_builder_column fusion-builder-column-0 fusion_builder_column_1_2 1_2 fusion-flex-column\" style=\"--awb-bg-size:cover;--awb-width-large:50%;--awb-margin-top-large:0px;--awb-spacing-right-large:3.84%;--awb-margin-bottom-large:20px;--awb-spacing-left-large:3.84%;--awb-width-medium:100%;--awb-order-medium:0;--awb-spacing-right-medium:1.92%;--awb-spacing-left-medium:1.92%;--awb-width-small:100%;--awb-order-small:0;--awb-spacing-right-small:1.92%;--awb-spacing-left-small:1.92%;\"><div class=\"fusion-column-wrapper fusion-column-has-shadow fusion-flex-justify-content-flex-start fusion-content-layout-column\"><div class=\"fusion-image-carousel fusion-image-carousel-auto fusion-image-carousel-1\"><div class=\"awb-carousel awb-swiper awb-swiper-carousel awb-carousel--carousel awb-swiper-dots-position-bottom\" data-layout=\"carousel\" data-autoplay=\"no\" data-autoplayspeed=\"2500\" data-autoplaypause=\"no\" data-columns=\"1\" data-columnsmedium=\"1\" data-columnssmall=\"1\" data-itemmargin=\"0\" data-itemwidth=\"180\" data-touchscroll=\"no\" data-freemode=\"no\" data-imagesize=\"auto\" data-scrollitems=\"0\" data-centeredslides=\"no\" data-rotationangle=\"50\" data-depth=\"100\" data-speed=\"500\" data-shadow=\"no\" data-pagination=\"bullets\" style=\"--awb-columns:1;--awb-column-spacing:0px;\"><div class=\"swiper-wrapper awb-image-carousel-wrapper fusion-flex-align-items-center\"><div class=\"swiper-slide\"><div class=\"fusion-carousel-item-wrapper\"><div class=\"fusion-image-wrapper hover-type-none\"><img decoding=\"async\" width=\"1500\" height=\"1000\" src=\"https:\/\/conecta4.cl\/wp-content\/uploads\/2020\/10\/RETOVAL-PROYECTOS-1.jpg\" class=\"attachment-full size-full\" alt=\"\" srcset=\"https:\/\/conecta4.cl\/wp-content\/uploads\/2020\/10\/RETOVAL-PROYECTOS-1-200x133.jpg 200w, https:\/\/conecta4.cl\/wp-content\/uploads\/2020\/10\/RETOVAL-PROYECTOS-1-300x200.jpg 300w, https:\/\/conecta4.cl\/wp-content\/uploads\/2020\/10\/RETOVAL-PROYECTOS-1-400x267.jpg 400w, https:\/\/conecta4.cl\/wp-content\/uploads\/2020\/10\/RETOVAL-PROYECTOS-1-600x400.jpg 600w, https:\/\/conecta4.cl\/wp-content\/uploads\/2020\/10\/RETOVAL-PROYECTOS-1-768x512.jpg 768w, https:\/\/conecta4.cl\/wp-content\/uploads\/2020\/10\/RETOVAL-PROYECTOS-1-800x533.jpg 800w, https:\/\/conecta4.cl\/wp-content\/uploads\/2020\/10\/RETOVAL-PROYECTOS-1-1024x683.jpg 1024w, https:\/\/conecta4.cl\/wp-content\/uploads\/2020\/10\/RETOVAL-PROYECTOS-1-1200x800.jpg 1200w, https:\/\/conecta4.cl\/wp-content\/uploads\/2020\/10\/RETOVAL-PROYECTOS-1.jpg 1500w\" sizes=\"(max-width: 1500px) 100vw, 1500px\" \/><\/div><\/div><\/div><div class=\"swiper-slide\"><div class=\"fusion-carousel-item-wrapper\"><div class=\"fusion-image-wrapper hover-type-none\"><img decoding=\"async\" width=\"1500\" height=\"1000\" src=\"https:\/\/conecta4.cl\/wp-content\/uploads\/2020\/10\/RETOVAL-PROYECTOS-2.jpg\" class=\"attachment-full size-full\" alt=\"\" srcset=\"https:\/\/conecta4.cl\/wp-content\/uploads\/2020\/10\/RETOVAL-PROYECTOS-2-200x133.jpg 200w, https:\/\/conecta4.cl\/wp-content\/uploads\/2020\/10\/RETOVAL-PROYECTOS-2-300x200.jpg 300w, https:\/\/conecta4.cl\/wp-content\/uploads\/2020\/10\/RETOVAL-PROYECTOS-2-400x267.jpg 400w, https:\/\/conecta4.cl\/wp-content\/uploads\/2020\/10\/RETOVAL-PROYECTOS-2-600x400.jpg 600w, https:\/\/conecta4.cl\/wp-content\/uploads\/2020\/10\/RETOVAL-PROYECTOS-2-768x512.jpg 768w, https:\/\/conecta4.cl\/wp-content\/uploads\/2020\/10\/RETOVAL-PROYECTOS-2-800x533.jpg 800w, https:\/\/conecta4.cl\/wp-content\/uploads\/2020\/10\/RETOVAL-PROYECTOS-2-1024x683.jpg 1024w, https:\/\/conecta4.cl\/wp-content\/uploads\/2020\/10\/RETOVAL-PROYECTOS-2-1200x800.jpg 1200w, https:\/\/conecta4.cl\/wp-content\/uploads\/2020\/10\/RETOVAL-PROYECTOS-2.jpg 1500w\" sizes=\"(max-width: 1500px) 100vw, 1500px\" \/><\/div><\/div><\/div><div class=\"swiper-slide\"><div class=\"fusion-carousel-item-wrapper\"><div class=\"fusion-image-wrapper hover-type-none\"><img decoding=\"async\" width=\"1500\" height=\"1001\" src=\"https:\/\/conecta4.cl\/wp-content\/uploads\/2020\/10\/RETOVAL-PROYECTOS-3.jpg\" class=\"attachment-full size-full\" alt=\"\" srcset=\"https:\/\/conecta4.cl\/wp-content\/uploads\/2020\/10\/RETOVAL-PROYECTOS-3-200x133.jpg 200w, https:\/\/conecta4.cl\/wp-content\/uploads\/2020\/10\/RETOVAL-PROYECTOS-3-300x200.jpg 300w, https:\/\/conecta4.cl\/wp-content\/uploads\/2020\/10\/RETOVAL-PROYECTOS-3-400x267.jpg 400w, https:\/\/conecta4.cl\/wp-content\/uploads\/2020\/10\/RETOVAL-PROYECTOS-3-600x400.jpg 600w, https:\/\/conecta4.cl\/wp-content\/uploads\/2020\/10\/RETOVAL-PROYECTOS-3-768x513.jpg 768w, https:\/\/conecta4.cl\/wp-content\/uploads\/2020\/10\/RETOVAL-PROYECTOS-3-800x534.jpg 800w, https:\/\/conecta4.cl\/wp-content\/uploads\/2020\/10\/RETOVAL-PROYECTOS-3-1024x683.jpg 1024w, https:\/\/conecta4.cl\/wp-content\/uploads\/2020\/10\/RETOVAL-PROYECTOS-3-1200x801.jpg 1200w, https:\/\/conecta4.cl\/wp-content\/uploads\/2020\/10\/RETOVAL-PROYECTOS-3.jpg 1500w\" sizes=\"(max-width: 1500px) 100vw, 1500px\" \/><\/div><\/div><\/div><\/div><div class=\"awb-swiper-button awb-swiper-button-prev\"><i class=\"awb-icon-angle-left\" aria-hidden=\"true\"><\/i><\/div><div class=\"awb-swiper-button awb-swiper-button-next\"><i class=\"awb-icon-angle-right\" aria-hidden=\"true\"><\/i><\/div><\/div><\/div><\/div><\/div><div class=\"fusion-layout-column fusion_builder_column fusion-builder-column-1 fusion_builder_column_1_2 1_2 fusion-flex-column\" style=\"--awb-bg-size:cover;--awb-width-large:50%;--awb-margin-top-large:0px;--awb-spacing-right-large:3.84%;--awb-margin-bottom-large:20px;--awb-spacing-left-large:3.84%;--awb-width-medium:100%;--awb-order-medium:0;--awb-spacing-right-medium:1.92%;--awb-spacing-left-medium:1.92%;--awb-width-small:100%;--awb-order-small:0;--awb-spacing-right-small:1.92%;--awb-spacing-left-small:1.92%;\"><div class=\"fusion-column-wrapper fusion-column-has-shadow fusion-flex-justify-content-flex-start fusion-content-layout-column\"><div class=\"fusion-image-element \" style=\"text-align:center;--awb-margin-bottom:50px;--awb-caption-title-font-family:var(--h2_typography-font-family);--awb-caption-title-font-weight:var(--h2_typography-font-weight);--awb-caption-title-font-style:var(--h2_typography-font-style);--awb-caption-title-size:var(--h2_typography-font-size);--awb-caption-title-transform:var(--h2_typography-text-transform);--awb-caption-title-line-height:var(--h2_typography-line-height);--awb-caption-title-letter-spacing:var(--h2_typography-letter-spacing);\"><span class=\" fusion-imageframe imageframe-none imageframe-1 hover-type-none\"><img decoding=\"async\" width=\"371\" height=\"103\" title=\"RETOVAL LOGO\" src=\"https:\/\/conecta4.cl\/wp-content\/uploads\/2020\/10\/RETOVAL-LOGO.png\" alt class=\"img-responsive wp-image-1849\" srcset=\"https:\/\/conecta4.cl\/wp-content\/uploads\/2020\/10\/RETOVAL-LOGO-200x56.png 200w, https:\/\/conecta4.cl\/wp-content\/uploads\/2020\/10\/RETOVAL-LOGO.png 371w\" sizes=\"(max-width: 1024px) 100vw, (max-width: 640px) 100vw, 371px\" \/><\/span><\/div><div class=\"fusion-text fusion-text-1\" style=\"--awb-line-height:1.2;\"><p style=\"text-align: justify;\"><span style=\"font-family: century-gothic; font-size: 14pt; color: #0e587b;\">Empresa formada por un equipo multidisciplinar con experiencia en diversas ramas de la Ingenier\u00eda Industrial, Civil y de Edificaci\u00f3n. Concretamente, ofrecen soluciones ingenieriles concretas, siguiendo una metodolog\u00eda basada en un concepto fundamental: recibir el proyecto y ejecutarlo, asumiendo a la vez el papel de consultora y constructora.<\/span><\/p>\n<\/div><div class=\"fusion-image-element \" style=\"--awb-margin-top:50px;--awb-caption-title-font-family:var(--h2_typography-font-family);--awb-caption-title-font-weight:var(--h2_typography-font-weight);--awb-caption-title-font-style:var(--h2_typography-font-style);--awb-caption-title-size:var(--h2_typography-font-size);--awb-caption-title-transform:var(--h2_typography-text-transform);--awb-caption-title-line-height:var(--h2_typography-line-height);--awb-caption-title-letter-spacing:var(--h2_typography-letter-spacing);\"><span class=\" fusion-imageframe imageframe-none imageframe-2 hover-type-none\"><a class=\"fusion-no-lightbox\" href=\"http:\/\/retoval.com\" target=\"_self\" aria-label=\"RETOVAL BOTON\"><img decoding=\"async\" width=\"180\" height=\"36\" src=\"https:\/\/conecta4.cl\/wp-content\/uploads\/2020\/10\/RETOVAL-BOTON-e1601981625307.png\" alt class=\"img-responsive wp-image-1848\"\/><\/a><\/span><\/div><\/div><\/div><\/div><\/div><div class=\"fusion-fullwidth fullwidth-box fusion-builder-row-2 fusion-flex-container nonhundred-percent-fullwidth non-hundred-percent-height-scrolling fusion-no-large-visibility\" style=\"--awb-border-radius-top-left:0px;--awb-border-radius-top-right:0px;--awb-border-radius-bottom-right:0px;--awb-border-radius-bottom-left:0px;--awb-padding-right:20px;--awb-padding-left:20px;--awb-margin-top:100px;--awb-margin-bottom:100px;--awb-flex-wrap:wrap;\" ><div class=\"fusion-builder-row fusion-row fusion-flex-align-items-center fusion-flex-content-wrap\" style=\"max-width:1508px;margin-left: calc(-4% \/ 2 );margin-right: calc(-4% \/ 2 );\"><div class=\"fusion-layout-column fusion_builder_column fusion-builder-column-2 fusion_builder_column_1_2 1_2 fusion-flex-column\" style=\"--awb-bg-size:cover;--awb-width-large:50%;--awb-margin-top-large:0px;--awb-spacing-right-large:3.84%;--awb-margin-bottom-large:20px;--awb-spacing-left-large:3.84%;--awb-width-medium:100%;--awb-order-medium:0;--awb-spacing-right-medium:1.92%;--awb-spacing-left-medium:1.92%;--awb-width-small:100%;--awb-order-small:0;--awb-spacing-right-small:1.92%;--awb-spacing-left-small:1.92%;\"><div class=\"fusion-column-wrapper fusion-column-has-shadow fusion-flex-justify-content-flex-start fusion-content-layout-column\"><div class=\"fusion-image-carousel fusion-image-carousel-auto fusion-image-carousel-2\"><div class=\"awb-carousel awb-swiper awb-swiper-carousel awb-carousel--carousel awb-swiper-dots-position-bottom\" data-layout=\"carousel\" data-autoplay=\"no\" data-autoplayspeed=\"2500\" data-autoplaypause=\"no\" data-columns=\"1\" data-columnsmedium=\"1\" data-columnssmall=\"1\" data-itemmargin=\"0\" data-itemwidth=\"180\" data-touchscroll=\"no\" data-freemode=\"no\" data-imagesize=\"auto\" data-scrollitems=\"0\" data-centeredslides=\"no\" data-rotationangle=\"50\" data-depth=\"100\" data-speed=\"500\" data-shadow=\"no\" data-pagination=\"bullets\" style=\"--awb-columns:1;--awb-column-spacing:0px;\"><div class=\"swiper-wrapper awb-image-carousel-wrapper fusion-flex-align-items-center\"><div class=\"swiper-slide\"><div class=\"fusion-carousel-item-wrapper\"><div class=\"fusion-image-wrapper hover-type-none\"><img decoding=\"async\" width=\"1500\" height=\"1000\" src=\"https:\/\/conecta4.cl\/wp-content\/uploads\/2020\/10\/RETOVAL-PROYECTOS-1.jpg\" class=\"attachment-full size-full\" alt=\"\" srcset=\"https:\/\/conecta4.cl\/wp-content\/uploads\/2020\/10\/RETOVAL-PROYECTOS-1-200x133.jpg 200w, https:\/\/conecta4.cl\/wp-content\/uploads\/2020\/10\/RETOVAL-PROYECTOS-1-300x200.jpg 300w, https:\/\/conecta4.cl\/wp-content\/uploads\/2020\/10\/RETOVAL-PROYECTOS-1-400x267.jpg 400w, https:\/\/conecta4.cl\/wp-content\/uploads\/2020\/10\/RETOVAL-PROYECTOS-1-600x400.jpg 600w, https:\/\/conecta4.cl\/wp-content\/uploads\/2020\/10\/RETOVAL-PROYECTOS-1-768x512.jpg 768w, https:\/\/conecta4.cl\/wp-content\/uploads\/2020\/10\/RETOVAL-PROYECTOS-1-800x533.jpg 800w, https:\/\/conecta4.cl\/wp-content\/uploads\/2020\/10\/RETOVAL-PROYECTOS-1-1024x683.jpg 1024w, https:\/\/conecta4.cl\/wp-content\/uploads\/2020\/10\/RETOVAL-PROYECTOS-1-1200x800.jpg 1200w, https:\/\/conecta4.cl\/wp-content\/uploads\/2020\/10\/RETOVAL-PROYECTOS-1.jpg 1500w\" sizes=\"(max-width: 1500px) 100vw, 1500px\" \/><\/div><\/div><\/div><div class=\"swiper-slide\"><div class=\"fusion-carousel-item-wrapper\"><div class=\"fusion-image-wrapper hover-type-none\"><img decoding=\"async\" width=\"1500\" height=\"1000\" src=\"https:\/\/conecta4.cl\/wp-content\/uploads\/2020\/10\/RETOVAL-PROYECTOS-2.jpg\" class=\"attachment-full size-full\" alt=\"\" srcset=\"https:\/\/conecta4.cl\/wp-content\/uploads\/2020\/10\/RETOVAL-PROYECTOS-2-200x133.jpg 200w, https:\/\/conecta4.cl\/wp-content\/uploads\/2020\/10\/RETOVAL-PROYECTOS-2-300x200.jpg 300w, https:\/\/conecta4.cl\/wp-content\/uploads\/2020\/10\/RETOVAL-PROYECTOS-2-400x267.jpg 400w, https:\/\/conecta4.cl\/wp-content\/uploads\/2020\/10\/RETOVAL-PROYECTOS-2-600x400.jpg 600w, https:\/\/conecta4.cl\/wp-content\/uploads\/2020\/10\/RETOVAL-PROYECTOS-2-768x512.jpg 768w, https:\/\/conecta4.cl\/wp-content\/uploads\/2020\/10\/RETOVAL-PROYECTOS-2-800x533.jpg 800w, https:\/\/conecta4.cl\/wp-content\/uploads\/2020\/10\/RETOVAL-PROYECTOS-2-1024x683.jpg 1024w, https:\/\/conecta4.cl\/wp-content\/uploads\/2020\/10\/RETOVAL-PROYECTOS-2-1200x800.jpg 1200w, https:\/\/conecta4.cl\/wp-content\/uploads\/2020\/10\/RETOVAL-PROYECTOS-2.jpg 1500w\" sizes=\"(max-width: 1500px) 100vw, 1500px\" \/><\/div><\/div><\/div><div class=\"swiper-slide\"><div class=\"fusion-carousel-item-wrapper\"><div class=\"fusion-image-wrapper hover-type-none\"><img decoding=\"async\" width=\"1500\" height=\"1001\" src=\"https:\/\/conecta4.cl\/wp-content\/uploads\/2020\/10\/RETOVAL-PROYECTOS-3.jpg\" class=\"attachment-full size-full\" alt=\"\" srcset=\"https:\/\/conecta4.cl\/wp-content\/uploads\/2020\/10\/RETOVAL-PROYECTOS-3-200x133.jpg 200w, https:\/\/conecta4.cl\/wp-content\/uploads\/2020\/10\/RETOVAL-PROYECTOS-3-300x200.jpg 300w, https:\/\/conecta4.cl\/wp-content\/uploads\/2020\/10\/RETOVAL-PROYECTOS-3-400x267.jpg 400w, https:\/\/conecta4.cl\/wp-content\/uploads\/2020\/10\/RETOVAL-PROYECTOS-3-600x400.jpg 600w, https:\/\/conecta4.cl\/wp-content\/uploads\/2020\/10\/RETOVAL-PROYECTOS-3-768x513.jpg 768w, https:\/\/conecta4.cl\/wp-content\/uploads\/2020\/10\/RETOVAL-PROYECTOS-3-800x534.jpg 800w, https:\/\/conecta4.cl\/wp-content\/uploads\/2020\/10\/RETOVAL-PROYECTOS-3-1024x683.jpg 1024w, https:\/\/conecta4.cl\/wp-content\/uploads\/2020\/10\/RETOVAL-PROYECTOS-3-1200x801.jpg 1200w, https:\/\/conecta4.cl\/wp-content\/uploads\/2020\/10\/RETOVAL-PROYECTOS-3.jpg 1500w\" sizes=\"(max-width: 1500px) 100vw, 1500px\" \/><\/div><\/div><\/div><\/div><div class=\"awb-swiper-button awb-swiper-button-prev\"><i class=\"awb-icon-angle-left\" aria-hidden=\"true\"><\/i><\/div><div class=\"awb-swiper-button awb-swiper-button-next\"><i class=\"awb-icon-angle-right\" aria-hidden=\"true\"><\/i><\/div><\/div><\/div><\/div><\/div><div class=\"fusion-layout-column fusion_builder_column fusion-builder-column-3 fusion_builder_column_1_2 1_2 fusion-flex-column\" style=\"--awb-bg-size:cover;--awb-width-large:50%;--awb-margin-top-large:0px;--awb-spacing-right-large:3.84%;--awb-margin-bottom-large:20px;--awb-spacing-left-large:3.84%;--awb-width-medium:100%;--awb-order-medium:0;--awb-spacing-right-medium:1.92%;--awb-spacing-left-medium:1.92%;--awb-width-small:100%;--awb-order-small:0;--awb-spacing-right-small:1.92%;--awb-spacing-left-small:1.92%;\"><div class=\"fusion-column-wrapper fusion-column-has-shadow fusion-flex-justify-content-flex-start fusion-content-layout-column\"><div class=\"fusion-image-element \" style=\"text-align:center;--awb-margin-bottom:50px;--awb-caption-title-font-family:var(--h2_typography-font-family);--awb-caption-title-font-weight:var(--h2_typography-font-weight);--awb-caption-title-font-style:var(--h2_typography-font-style);--awb-caption-title-size:var(--h2_typography-font-size);--awb-caption-title-transform:var(--h2_typography-text-transform);--awb-caption-title-line-height:var(--h2_typography-line-height);--awb-caption-title-letter-spacing:var(--h2_typography-letter-spacing);\"><span class=\" fusion-imageframe imageframe-none imageframe-3 hover-type-none\"><img decoding=\"async\" width=\"371\" height=\"103\" title=\"RETOVAL LOGO\" src=\"https:\/\/conecta4.cl\/wp-content\/uploads\/2020\/10\/RETOVAL-LOGO.png\" alt class=\"img-responsive wp-image-1849\" srcset=\"https:\/\/conecta4.cl\/wp-content\/uploads\/2020\/10\/RETOVAL-LOGO-200x56.png 200w, https:\/\/conecta4.cl\/wp-content\/uploads\/2020\/10\/RETOVAL-LOGO.png 371w\" sizes=\"(max-width: 1024px) 100vw, (max-width: 640px) 100vw, 371px\" \/><\/span><\/div><div class=\"fusion-text fusion-text-2\" style=\"--awb-line-height:1.2;\"><p style=\"text-align: justify;\"><span style=\"font-family: century-gothic; font-size: 14pt; color: #0e587b;\">Empresa formada por un equipo multidisciplinar con experiencia en diversas ramas de la Ingenier\u00eda Industrial, Civil y de Edificaci\u00f3n. Concretamente, ofrecen soluciones ingenieriles concretas, siguiendo una metodolog\u00eda basada en un concepto fundamental: recibir el proyecto y ejecutarlo, asumiendo a la vez el papel de consultora y constructora.<\/span><\/p>\n<\/div><div class=\"fusion-image-element \" style=\"--awb-margin-top:50px;--awb-caption-title-font-family:var(--h2_typography-font-family);--awb-caption-title-font-weight:var(--h2_typography-font-weight);--awb-caption-title-font-style:var(--h2_typography-font-style);--awb-caption-title-size:var(--h2_typography-font-size);--awb-caption-title-transform:var(--h2_typography-text-transform);--awb-caption-title-line-height:var(--h2_typography-line-height);--awb-caption-title-letter-spacing:var(--h2_typography-letter-spacing);\"><span class=\" fusion-imageframe imageframe-none imageframe-4 hover-type-none\"><a class=\"fusion-no-lightbox\" href=\"http:\/\/retoval.com\" target=\"_self\" aria-label=\"RETOVAL BOTON\"><img decoding=\"async\" width=\"180\" height=\"36\" src=\"https:\/\/conecta4.cl\/wp-content\/uploads\/2020\/10\/RETOVAL-BOTON-e1601981625307.png\" alt class=\"img-responsive wp-image-1848\"\/><\/a><\/span><\/div><\/div><\/div><\/div><\/div><div class=\"fusion-fullwidth fullwidth-box fusion-builder-row-3 fusion-flex-container nonhundred-percent-fullwidth non-hundred-percent-height-scrolling\" style=\"--awb-border-radius-top-left:0px;--awb-border-radius-top-right:0px;--awb-border-radius-bottom-right:0px;--awb-border-radius-bottom-left:0px;--awb-background-color:#0e587b;--awb-flex-wrap:wrap;\" ><div class=\"fusion-builder-row fusion-row fusion-flex-align-items-flex-start fusion-flex-content-wrap\" style=\"max-width:1508px;margin-left: calc(-4% \/ 2 );margin-right: calc(-4% \/ 2 );\"><div class=\"fusion-layout-column fusion_builder_column fusion-builder-column-4 fusion_builder_column_1_5 1_5 fusion-flex-column\" style=\"--awb-bg-size:cover;--awb-width-large:20%;--awb-margin-top-large:0px;--awb-spacing-right-large:9.6%;--awb-margin-bottom-large:20px;--awb-spacing-left-large:9.6%;--awb-width-medium:100%;--awb-order-medium:0;--awb-spacing-right-medium:1.92%;--awb-spacing-left-medium:1.92%;--awb-width-small:100%;--awb-order-small:0;--awb-spacing-right-small:1.92%;--awb-spacing-left-small:1.92%;\"><div class=\"fusion-column-wrapper fusion-column-has-shadow fusion-flex-justify-content-flex-start fusion-content-layout-column\"><div class=\"fusion-separator fusion-full-width-sep\" style=\"align-self: center;margin-left: auto;margin-right: auto;margin-top:80px;width:100%;\"><\/div><div class=\"fusion-image-element \" style=\"text-align:center;--awb-caption-title-font-family:var(--h2_typography-font-family);--awb-caption-title-font-weight:var(--h2_typography-font-weight);--awb-caption-title-font-style:var(--h2_typography-font-style);--awb-caption-title-size:var(--h2_typography-font-size);--awb-caption-title-transform:var(--h2_typography-text-transform);--awb-caption-title-line-height:var(--h2_typography-line-height);--awb-caption-title-letter-spacing:var(--h2_typography-letter-spacing);\"><span class=\" fusion-imageframe imageframe-none imageframe-5 hover-type-none\"><img decoding=\"async\" width=\"167\" height=\"60\" title=\"conecta4 logo blanco\" src=\"https:\/\/conecta4.cl\/wp-content\/uploads\/2020\/10\/conecta4-logo-blanco.png\" alt class=\"img-responsive wp-image-1692\"\/><\/span><\/div><div class=\"fusion-separator fusion-full-width-sep\" style=\"align-self: center;margin-left: auto;margin-right: auto;margin-top:80px;width:100%;\"><\/div><\/div><\/div><div class=\"fusion-layout-column fusion_builder_column fusion-builder-column-5 fusion_builder_column_1_5 1_5 fusion-flex-column\" style=\"--awb-bg-size:cover;--awb-width-large:20%;--awb-margin-top-large:0px;--awb-spacing-right-large:9.6%;--awb-margin-bottom-large:20px;--awb-spacing-left-large:9.6%;--awb-width-medium:100%;--awb-order-medium:0;--awb-spacing-right-medium:1.92%;--awb-spacing-left-medium:1.92%;--awb-width-small:100%;--awb-order-small:0;--awb-spacing-right-small:1.92%;--awb-spacing-left-small:1.92%;\"><div class=\"fusion-column-wrapper fusion-column-has-shadow fusion-flex-justify-content-flex-start fusion-content-layout-column\"><div class=\"fusion-separator fusion-full-width-sep\" style=\"align-self: center;margin-left: auto;margin-right: auto;margin-top:100px;width:100%;\"><\/div><div class=\"fusion-text fusion-text-3\"><p style=\"text-align: center;\"><span style=\"font-family: century-gothic; font-size: 12pt; color: #ffffff;\">Aviso legal<\/span><\/p>\n<\/div><\/div><\/div><div class=\"fusion-layout-column fusion_builder_column fusion-builder-column-6 fusion_builder_column_1_5 1_5 fusion-flex-column\" style=\"--awb-bg-size:cover;--awb-width-large:20%;--awb-margin-top-large:0px;--awb-spacing-right-large:9.6%;--awb-margin-bottom-large:20px;--awb-spacing-left-large:9.6%;--awb-width-medium:100%;--awb-order-medium:0;--awb-spacing-right-medium:1.92%;--awb-spacing-left-medium:1.92%;--awb-width-small:100%;--awb-order-small:0;--awb-spacing-right-small:1.92%;--awb-spacing-left-small:1.92%;\"><div class=\"fusion-column-wrapper fusion-column-has-shadow fusion-flex-justify-content-flex-start fusion-content-layout-column\"><div class=\"fusion-separator fusion-full-width-sep\" style=\"align-self: center;margin-left: auto;margin-right: auto;margin-top:100px;width:100%;\"><\/div><div class=\"fusion-text fusion-text-4\"><p style=\"text-align: center;\"><span style=\"font-family: century-gothic; font-size: 12pt; color: #ffffff;\">Pol\u00edtica de Privacidad legal<\/span><\/p>\n<\/div><\/div><\/div><div class=\"fusion-layout-column fusion_builder_column fusion-builder-column-7 fusion_builder_column_1_5 1_5 fusion-flex-column\" style=\"--awb-bg-size:cover;--awb-width-large:20%;--awb-margin-top-large:0px;--awb-spacing-right-large:9.6%;--awb-margin-bottom-large:20px;--awb-spacing-left-large:9.6%;--awb-width-medium:100%;--awb-order-medium:0;--awb-spacing-right-medium:1.92%;--awb-spacing-left-medium:1.92%;--awb-width-small:100%;--awb-order-small:0;--awb-spacing-right-small:1.92%;--awb-spacing-left-small:1.92%;\"><div class=\"fusion-column-wrapper fusion-column-has-shadow fusion-flex-justify-content-flex-start fusion-content-layout-column\"><div class=\"fusion-separator fusion-full-width-sep\" style=\"align-self: center;margin-left: auto;margin-right: auto;margin-top:100px;width:100%;\"><\/div><div class=\"fusion-text fusion-text-5\"><p style=\"text-align: center;\"><span style=\"font-family: century-gothic; font-size: 12pt; color: #ffffff;\">Pol\u00edtica de cookies<\/span><\/p>\n<\/div><\/div><\/div><div class=\"fusion-layout-column fusion_builder_column fusion-builder-column-8 fusion_builder_column_1_5 1_5 fusion-flex-column\" style=\"--awb-bg-size:cover;--awb-width-large:20%;--awb-margin-top-large:0px;--awb-spacing-right-large:9.6%;--awb-margin-bottom-large:20px;--awb-spacing-left-large:9.6%;--awb-width-medium:100%;--awb-order-medium:0;--awb-spacing-right-medium:1.92%;--awb-spacing-left-medium:1.92%;--awb-width-small:100%;--awb-order-small:0;--awb-spacing-right-small:1.92%;--awb-spacing-left-small:1.92%;\"><div class=\"fusion-column-wrapper fusion-column-has-shadow fusion-flex-justify-content-flex-start fusion-content-layout-column\"><div class=\"fusion-separator fusion-full-width-sep\" style=\"align-self: center;margin-left: auto;margin-right: auto;margin-top:100px;width:100%;\"><\/div><div class=\"fusion-text fusion-text-6\"><p style=\"text-align: center;\"><span style=\"font-family: century-gothic; font-size: 12pt; color: #ffffff;\">Contacto<\/span><\/p>\n<\/div><\/div><\/div><\/div><\/div><\/p>\n","protected":false},"excerpt":{"rendered":"","protected":false},"author":2,"featured_media":0,"parent":0,"menu_order":0,"comment_status":"closed","ping_status":"closed","template":"100-width.php","meta":{"footnotes":""},"class_list":["post-1851","page","type-page","status-publish","hentry"],"_links":{"self":[{"href":"https:\/\/conecta4.cl\/index.php?rest_route=\/wp\/v2\/pages\/1851","targetHints":{"allow":["GET"]}}],"collection":[{"href":"https:\/\/conecta4.cl\/index.php?rest_route=\/wp\/v2\/pages"}],"about":[{"href":"https:\/\/conecta4.cl\/index.php?rest_route=\/wp\/v2\/types\/page"}],"author":[{"embeddable":true,"href":"https:\/\/conecta4.cl\/index.php?rest_route=\/wp\/v2\/users\/2"}],"replies":[{"embeddable":true,"href":"https:\/\/conecta4.cl\/index.php?rest_route=%2Fwp%2Fv2%2Fcomments&post=1851"}],"version-history":[{"count":4,"href":"https:\/\/conecta4.cl\/index.php?rest_route=\/wp\/v2\/pages\/1851\/revisions"}],"predecessor-version":[{"id":1994,"href":"https:\/\/conecta4.cl\/index.php?rest_route=\/wp\/v2\/pages\/1851\/revisions\/1994"}],"wp:attachment":[{"href":"https:\/\/conecta4.cl\/index.php?rest_route=%2Fwp%2Fv2%2Fmedia&parent=1851"}],"curies":[{"name":"wp","href":"https:\/\/api.w.org\/{rel}","templated":true}]}}