{"id":1799,"date":"2020-10-06T08:24:35","date_gmt":"2020-10-06T08:24:35","guid":{"rendered":"https:\/\/conecta4.cl\/?page_id=1799"},"modified":"2020-10-08T06:27:03","modified_gmt":"2020-10-08T06:27:03","slug":"coreal","status":"publish","type":"page","link":"https:\/\/conecta4.cl\/?page_id=1799","title":{"rendered":"COREAL"},"content":{"rendered":"<p><div class=\"fusion-fullwidth fullwidth-box fusion-builder-row-1 fusion-flex-container nonhundred-percent-fullwidth non-hundred-percent-height-scrolling fusion-no-small-visibility fusion-no-medium-visibility\" style=\"--awb-border-radius-top-left:0px;--awb-border-radius-top-right:0px;--awb-border-radius-bottom-right:0px;--awb-border-radius-bottom-left:0px;--awb-margin-top:100px;--awb-margin-bottom:100px;--awb-flex-wrap:wrap;\" ><div class=\"fusion-builder-row fusion-row fusion-flex-align-items-center fusion-flex-content-wrap\" style=\"max-width:1508px;margin-left: calc(-4% \/ 2 );margin-right: calc(-4% \/ 2 );\"><div class=\"fusion-layout-column fusion_builder_column fusion-builder-column-0 fusion_builder_column_1_2 1_2 fusion-flex-column\" style=\"--awb-bg-size:cover;--awb-width-large:50%;--awb-margin-top-large:0px;--awb-spacing-right-large:3.84%;--awb-margin-bottom-large:20px;--awb-spacing-left-large:3.84%;--awb-width-medium:100%;--awb-order-medium:0;--awb-spacing-right-medium:1.92%;--awb-spacing-left-medium:1.92%;--awb-width-small:100%;--awb-order-small:0;--awb-spacing-right-small:1.92%;--awb-spacing-left-small:1.92%;\"><div class=\"fusion-column-wrapper fusion-column-has-shadow fusion-flex-justify-content-flex-start fusion-content-layout-column\"><div class=\"fusion-image-carousel fusion-image-carousel-auto fusion-image-carousel-1 fusion-carousel-border\"><div class=\"awb-carousel awb-swiper awb-swiper-carousel awb-carousel--carousel awb-swiper-dots-position-bottom\" data-layout=\"carousel\" data-autoplay=\"no\" data-autoplayspeed=\"2500\" data-autoplaypause=\"no\" data-columns=\"1\" data-columnsmedium=\"1\" data-columnssmall=\"1\" data-itemmargin=\"0\" data-itemwidth=\"180\" data-touchscroll=\"drag\" data-freemode=\"no\" data-imagesize=\"auto\" data-scrollitems=\"0\" data-centeredslides=\"no\" data-rotationangle=\"50\" data-depth=\"100\" data-speed=\"500\" data-shadow=\"no\" data-pagination=\"bullets\" style=\"--awb-columns:1;--awb-column-spacing:0px;--awb-border-width:1px;--awb-border-color:#e9eaee;\"><div class=\"swiper-wrapper awb-image-carousel-wrapper fusion-flex-align-items-center\"><div class=\"swiper-slide\"><div class=\"fusion-carousel-item-wrapper\"><div class=\"fusion-image-wrapper hover-type-none\"><img decoding=\"async\" width=\"1500\" height=\"1000\" src=\"https:\/\/conecta4.cl\/wp-content\/uploads\/2020\/10\/Coreal-foto-3.jpg\" class=\"attachment-full size-full\" alt=\"\" srcset=\"https:\/\/conecta4.cl\/wp-content\/uploads\/2020\/10\/Coreal-foto-3-200x133.jpg 200w, https:\/\/conecta4.cl\/wp-content\/uploads\/2020\/10\/Coreal-foto-3-300x200.jpg 300w, https:\/\/conecta4.cl\/wp-content\/uploads\/2020\/10\/Coreal-foto-3-400x267.jpg 400w, https:\/\/conecta4.cl\/wp-content\/uploads\/2020\/10\/Coreal-foto-3-600x400.jpg 600w, https:\/\/conecta4.cl\/wp-content\/uploads\/2020\/10\/Coreal-foto-3-768x512.jpg 768w, https:\/\/conecta4.cl\/wp-content\/uploads\/2020\/10\/Coreal-foto-3-800x533.jpg 800w, https:\/\/conecta4.cl\/wp-content\/uploads\/2020\/10\/Coreal-foto-3-1024x683.jpg 1024w, https:\/\/conecta4.cl\/wp-content\/uploads\/2020\/10\/Coreal-foto-3-1200x800.jpg 1200w, https:\/\/conecta4.cl\/wp-content\/uploads\/2020\/10\/Coreal-foto-3.jpg 1500w\" sizes=\"(max-width: 1500px) 100vw, 1500px\" \/><\/div><\/div><\/div><div class=\"swiper-slide\"><div class=\"fusion-carousel-item-wrapper\"><div class=\"fusion-image-wrapper hover-type-none\"><img decoding=\"async\" width=\"1500\" height=\"1000\" src=\"https:\/\/conecta4.cl\/wp-content\/uploads\/2020\/10\/Coreal-foto-2.jpg\" class=\"attachment-full size-full\" alt=\"\" srcset=\"https:\/\/conecta4.cl\/wp-content\/uploads\/2020\/10\/Coreal-foto-2-200x133.jpg 200w, https:\/\/conecta4.cl\/wp-content\/uploads\/2020\/10\/Coreal-foto-2-300x200.jpg 300w, https:\/\/conecta4.cl\/wp-content\/uploads\/2020\/10\/Coreal-foto-2-400x267.jpg 400w, https:\/\/conecta4.cl\/wp-content\/uploads\/2020\/10\/Coreal-foto-2-600x400.jpg 600w, https:\/\/conecta4.cl\/wp-content\/uploads\/2020\/10\/Coreal-foto-2-768x512.jpg 768w, https:\/\/conecta4.cl\/wp-content\/uploads\/2020\/10\/Coreal-foto-2-800x533.jpg 800w, https:\/\/conecta4.cl\/wp-content\/uploads\/2020\/10\/Coreal-foto-2-1024x683.jpg 1024w, https:\/\/conecta4.cl\/wp-content\/uploads\/2020\/10\/Coreal-foto-2-1200x800.jpg 1200w, https:\/\/conecta4.cl\/wp-content\/uploads\/2020\/10\/Coreal-foto-2.jpg 1500w\" sizes=\"(max-width: 1500px) 100vw, 1500px\" \/><\/div><\/div><\/div><div class=\"swiper-slide\"><div class=\"fusion-carousel-item-wrapper\"><div class=\"fusion-image-wrapper hover-type-none\"><img decoding=\"async\" width=\"1500\" height=\"1000\" src=\"https:\/\/conecta4.cl\/wp-content\/uploads\/2020\/10\/Coreal-foto-1.jpg\" class=\"attachment-full size-full\" alt=\"\" srcset=\"https:\/\/conecta4.cl\/wp-content\/uploads\/2020\/10\/Coreal-foto-1-200x133.jpg 200w, https:\/\/conecta4.cl\/wp-content\/uploads\/2020\/10\/Coreal-foto-1-300x200.jpg 300w, https:\/\/conecta4.cl\/wp-content\/uploads\/2020\/10\/Coreal-foto-1-400x267.jpg 400w, https:\/\/conecta4.cl\/wp-content\/uploads\/2020\/10\/Coreal-foto-1-600x400.jpg 600w, https:\/\/conecta4.cl\/wp-content\/uploads\/2020\/10\/Coreal-foto-1-768x512.jpg 768w, https:\/\/conecta4.cl\/wp-content\/uploads\/2020\/10\/Coreal-foto-1-800x533.jpg 800w, https:\/\/conecta4.cl\/wp-content\/uploads\/2020\/10\/Coreal-foto-1-1024x683.jpg 1024w, https:\/\/conecta4.cl\/wp-content\/uploads\/2020\/10\/Coreal-foto-1-1200x800.jpg 1200w, https:\/\/conecta4.cl\/wp-content\/uploads\/2020\/10\/Coreal-foto-1.jpg 1500w\" sizes=\"(max-width: 1500px) 100vw, 1500px\" \/><\/div><\/div><\/div><\/div><div class=\"awb-swiper-button awb-swiper-button-prev\"><i class=\"awb-icon-angle-left\" aria-hidden=\"true\"><\/i><\/div><div class=\"awb-swiper-button awb-swiper-button-next\"><i class=\"awb-icon-angle-right\" aria-hidden=\"true\"><\/i><\/div><\/div><\/div><\/div><\/div><div class=\"fusion-layout-column fusion_builder_column fusion-builder-column-1 fusion_builder_column_1_2 1_2 fusion-flex-column fusion-flex-align-self-center\" style=\"--awb-bg-size:cover;--awb-width-large:50%;--awb-margin-top-large:0px;--awb-spacing-right-large:3.84%;--awb-margin-bottom-large:20px;--awb-spacing-left-large:3.84%;--awb-width-medium:100%;--awb-order-medium:0;--awb-spacing-right-medium:1.92%;--awb-spacing-left-medium:1.92%;--awb-width-small:100%;--awb-order-small:0;--awb-spacing-right-small:1.92%;--awb-spacing-left-small:1.92%;\"><div class=\"fusion-column-wrapper fusion-column-has-shadow fusion-flex-justify-content-center fusion-content-layout-column\"><div class=\"fusion-image-element \" style=\"text-align:center;--awb-margin-bottom:50px;--awb-caption-title-font-family:var(--h2_typography-font-family);--awb-caption-title-font-weight:var(--h2_typography-font-weight);--awb-caption-title-font-style:var(--h2_typography-font-style);--awb-caption-title-size:var(--h2_typography-font-size);--awb-caption-title-transform:var(--h2_typography-text-transform);--awb-caption-title-line-height:var(--h2_typography-line-height);--awb-caption-title-letter-spacing:var(--h2_typography-letter-spacing);\"><span class=\" fusion-imageframe imageframe-none imageframe-1 hover-type-none\"><img decoding=\"async\" width=\"305\" height=\"107\" title=\"COREAL LOGO\" src=\"https:\/\/conecta4.cl\/wp-content\/uploads\/2020\/10\/COREAL-LOGO.png\" alt class=\"img-responsive wp-image-1800\" srcset=\"https:\/\/conecta4.cl\/wp-content\/uploads\/2020\/10\/COREAL-LOGO-200x70.png 200w, https:\/\/conecta4.cl\/wp-content\/uploads\/2020\/10\/COREAL-LOGO.png 305w\" sizes=\"(max-width: 1024px) 100vw, (max-width: 640px) 100vw, 305px\" \/><\/span><\/div><div class=\"fusion-text fusion-text-1\" style=\"--awb-line-height:1.2;\"><p style=\"text-align: justify;\"><span style=\"font-family: century-gothic; font-size: 14pt; color: #0e587b;\">Empresa especializada en monitorizaci\u00f3n de infraestructuras civiles y en desarrollo de los m\u00e1s modernos y novedosos servicios para conseguir en las ciudades una estructura m\u00e1s seguras, eficientes y sostenibles.<\/span><\/p>\n<\/div><div class=\"fusion-image-element \" style=\"text-align:left;--awb-margin-top:50px;--awb-caption-title-font-family:var(--h2_typography-font-family);--awb-caption-title-font-weight:var(--h2_typography-font-weight);--awb-caption-title-font-style:var(--h2_typography-font-style);--awb-caption-title-size:var(--h2_typography-font-size);--awb-caption-title-transform:var(--h2_typography-text-transform);--awb-caption-title-line-height:var(--h2_typography-line-height);--awb-caption-title-letter-spacing:var(--h2_typography-letter-spacing);\"><span class=\" fusion-imageframe imageframe-none imageframe-2 hover-type-none\"><a class=\"fusion-no-lightbox\" href=\"http:\/\/coreal.cl\" target=\"_self\" aria-label=\"boton coreal\"><img decoding=\"async\" width=\"180\" height=\"43\" src=\"https:\/\/conecta4.cl\/wp-content\/uploads\/2020\/10\/boton-coreal.png\" alt class=\"img-responsive wp-image-1811\"\/><\/a><\/span><\/div><\/div><\/div><\/div><\/div><div class=\"fusion-fullwidth fullwidth-box fusion-builder-row-2 fusion-flex-container nonhundred-percent-fullwidth non-hundred-percent-height-scrolling fusion-no-large-visibility\" style=\"--awb-border-radius-top-left:0px;--awb-border-radius-top-right:0px;--awb-border-radius-bottom-right:0px;--awb-border-radius-bottom-left:0px;--awb-padding-right:20px;--awb-padding-left:20px;--awb-margin-top:100px;--awb-margin-bottom:100px;--awb-flex-wrap:wrap;\" ><div class=\"fusion-builder-row fusion-row fusion-flex-align-items-center fusion-flex-content-wrap\" style=\"max-width:1508px;margin-left: calc(-4% \/ 2 );margin-right: calc(-4% \/ 2 );\"><div class=\"fusion-layout-column fusion_builder_column fusion-builder-column-2 fusion_builder_column_1_2 1_2 fusion-flex-column\" style=\"--awb-bg-size:cover;--awb-width-large:50%;--awb-margin-top-large:0px;--awb-spacing-right-large:3.84%;--awb-margin-bottom-large:20px;--awb-spacing-left-large:3.84%;--awb-width-medium:100%;--awb-order-medium:0;--awb-spacing-right-medium:1.92%;--awb-spacing-left-medium:1.92%;--awb-width-small:100%;--awb-order-small:0;--awb-spacing-right-small:1.92%;--awb-spacing-left-small:1.92%;\"><div class=\"fusion-column-wrapper fusion-column-has-shadow fusion-flex-justify-content-flex-start fusion-content-layout-column\"><div class=\"fusion-image-carousel fusion-image-carousel-auto fusion-image-carousel-2 fusion-carousel-border\"><div class=\"awb-carousel awb-swiper awb-swiper-carousel awb-carousel--carousel awb-swiper-dots-position-bottom\" data-layout=\"carousel\" data-autoplay=\"no\" data-autoplayspeed=\"2500\" data-autoplaypause=\"no\" data-columns=\"1\" data-columnsmedium=\"1\" data-columnssmall=\"1\" data-itemmargin=\"0\" data-itemwidth=\"180\" data-touchscroll=\"drag\" data-freemode=\"no\" data-imagesize=\"auto\" data-scrollitems=\"0\" data-centeredslides=\"no\" data-rotationangle=\"50\" data-depth=\"100\" data-speed=\"500\" data-shadow=\"no\" data-pagination=\"bullets\" style=\"--awb-columns:1;--awb-column-spacing:0px;--awb-border-width:1px;--awb-border-color:#e9eaee;\"><div class=\"swiper-wrapper awb-image-carousel-wrapper fusion-flex-align-items-center\"><div class=\"swiper-slide\"><div class=\"fusion-carousel-item-wrapper\"><div class=\"fusion-image-wrapper hover-type-none\"><img decoding=\"async\" width=\"1500\" height=\"1000\" src=\"https:\/\/conecta4.cl\/wp-content\/uploads\/2020\/10\/Coreal-foto-3.jpg\" class=\"attachment-full size-full\" alt=\"\" srcset=\"https:\/\/conecta4.cl\/wp-content\/uploads\/2020\/10\/Coreal-foto-3-200x133.jpg 200w, https:\/\/conecta4.cl\/wp-content\/uploads\/2020\/10\/Coreal-foto-3-300x200.jpg 300w, https:\/\/conecta4.cl\/wp-content\/uploads\/2020\/10\/Coreal-foto-3-400x267.jpg 400w, https:\/\/conecta4.cl\/wp-content\/uploads\/2020\/10\/Coreal-foto-3-600x400.jpg 600w, https:\/\/conecta4.cl\/wp-content\/uploads\/2020\/10\/Coreal-foto-3-768x512.jpg 768w, https:\/\/conecta4.cl\/wp-content\/uploads\/2020\/10\/Coreal-foto-3-800x533.jpg 800w, https:\/\/conecta4.cl\/wp-content\/uploads\/2020\/10\/Coreal-foto-3-1024x683.jpg 1024w, https:\/\/conecta4.cl\/wp-content\/uploads\/2020\/10\/Coreal-foto-3-1200x800.jpg 1200w, https:\/\/conecta4.cl\/wp-content\/uploads\/2020\/10\/Coreal-foto-3.jpg 1500w\" sizes=\"(max-width: 1500px) 100vw, 1500px\" \/><\/div><\/div><\/div><div class=\"swiper-slide\"><div class=\"fusion-carousel-item-wrapper\"><div class=\"fusion-image-wrapper hover-type-none\"><img decoding=\"async\" width=\"1500\" height=\"1000\" src=\"https:\/\/conecta4.cl\/wp-content\/uploads\/2020\/10\/Coreal-foto-2.jpg\" class=\"attachment-full size-full\" alt=\"\" srcset=\"https:\/\/conecta4.cl\/wp-content\/uploads\/2020\/10\/Coreal-foto-2-200x133.jpg 200w, https:\/\/conecta4.cl\/wp-content\/uploads\/2020\/10\/Coreal-foto-2-300x200.jpg 300w, https:\/\/conecta4.cl\/wp-content\/uploads\/2020\/10\/Coreal-foto-2-400x267.jpg 400w, https:\/\/conecta4.cl\/wp-content\/uploads\/2020\/10\/Coreal-foto-2-600x400.jpg 600w, https:\/\/conecta4.cl\/wp-content\/uploads\/2020\/10\/Coreal-foto-2-768x512.jpg 768w, https:\/\/conecta4.cl\/wp-content\/uploads\/2020\/10\/Coreal-foto-2-800x533.jpg 800w, https:\/\/conecta4.cl\/wp-content\/uploads\/2020\/10\/Coreal-foto-2-1024x683.jpg 1024w, https:\/\/conecta4.cl\/wp-content\/uploads\/2020\/10\/Coreal-foto-2-1200x800.jpg 1200w, https:\/\/conecta4.cl\/wp-content\/uploads\/2020\/10\/Coreal-foto-2.jpg 1500w\" sizes=\"(max-width: 1500px) 100vw, 1500px\" \/><\/div><\/div><\/div><div class=\"swiper-slide\"><div class=\"fusion-carousel-item-wrapper\"><div class=\"fusion-image-wrapper hover-type-none\"><img decoding=\"async\" width=\"1500\" height=\"1000\" src=\"https:\/\/conecta4.cl\/wp-content\/uploads\/2020\/10\/Coreal-foto-1.jpg\" class=\"attachment-full size-full\" alt=\"\" srcset=\"https:\/\/conecta4.cl\/wp-content\/uploads\/2020\/10\/Coreal-foto-1-200x133.jpg 200w, https:\/\/conecta4.cl\/wp-content\/uploads\/2020\/10\/Coreal-foto-1-300x200.jpg 300w, https:\/\/conecta4.cl\/wp-content\/uploads\/2020\/10\/Coreal-foto-1-400x267.jpg 400w, https:\/\/conecta4.cl\/wp-content\/uploads\/2020\/10\/Coreal-foto-1-600x400.jpg 600w, https:\/\/conecta4.cl\/wp-content\/uploads\/2020\/10\/Coreal-foto-1-768x512.jpg 768w, https:\/\/conecta4.cl\/wp-content\/uploads\/2020\/10\/Coreal-foto-1-800x533.jpg 800w, https:\/\/conecta4.cl\/wp-content\/uploads\/2020\/10\/Coreal-foto-1-1024x683.jpg 1024w, https:\/\/conecta4.cl\/wp-content\/uploads\/2020\/10\/Coreal-foto-1-1200x800.jpg 1200w, https:\/\/conecta4.cl\/wp-content\/uploads\/2020\/10\/Coreal-foto-1.jpg 1500w\" sizes=\"(max-width: 1500px) 100vw, 1500px\" \/><\/div><\/div><\/div><\/div><div class=\"awb-swiper-button awb-swiper-button-prev\"><i class=\"awb-icon-angle-left\" aria-hidden=\"true\"><\/i><\/div><div class=\"awb-swiper-button awb-swiper-button-next\"><i class=\"awb-icon-angle-right\" aria-hidden=\"true\"><\/i><\/div><\/div><\/div><\/div><\/div><div class=\"fusion-layout-column fusion_builder_column fusion-builder-column-3 fusion_builder_column_1_2 1_2 fusion-flex-column fusion-flex-align-self-center\" style=\"--awb-bg-size:cover;--awb-width-large:50%;--awb-margin-top-large:0px;--awb-spacing-right-large:3.84%;--awb-margin-bottom-large:20px;--awb-spacing-left-large:3.84%;--awb-width-medium:100%;--awb-order-medium:0;--awb-spacing-right-medium:1.92%;--awb-spacing-left-medium:1.92%;--awb-width-small:100%;--awb-order-small:0;--awb-spacing-right-small:1.92%;--awb-spacing-left-small:1.92%;\"><div class=\"fusion-column-wrapper fusion-column-has-shadow fusion-flex-justify-content-center fusion-content-layout-column\"><div class=\"fusion-image-element \" style=\"text-align:center;--awb-margin-bottom:50px;--awb-caption-title-font-family:var(--h2_typography-font-family);--awb-caption-title-font-weight:var(--h2_typography-font-weight);--awb-caption-title-font-style:var(--h2_typography-font-style);--awb-caption-title-size:var(--h2_typography-font-size);--awb-caption-title-transform:var(--h2_typography-text-transform);--awb-caption-title-line-height:var(--h2_typography-line-height);--awb-caption-title-letter-spacing:var(--h2_typography-letter-spacing);\"><span class=\" fusion-imageframe imageframe-none imageframe-3 hover-type-none\"><img decoding=\"async\" width=\"305\" height=\"107\" title=\"COREAL LOGO\" src=\"https:\/\/conecta4.cl\/wp-content\/uploads\/2020\/10\/COREAL-LOGO.png\" alt class=\"img-responsive wp-image-1800\" srcset=\"https:\/\/conecta4.cl\/wp-content\/uploads\/2020\/10\/COREAL-LOGO-200x70.png 200w, https:\/\/conecta4.cl\/wp-content\/uploads\/2020\/10\/COREAL-LOGO.png 305w\" sizes=\"(max-width: 1024px) 100vw, (max-width: 640px) 100vw, 305px\" \/><\/span><\/div><div class=\"fusion-text fusion-text-2\" style=\"--awb-line-height:1.2;\"><p style=\"text-align: justify;\"><span style=\"font-family: century-gothic; font-size: 14pt; color: #0e587b;\">Empresa especializada en monitorizaci\u00f3n de infraestructuras civiles y en desarrollo de los m\u00e1s modernos y novedosos servicios para conseguir en las ciudades una estructura m\u00e1s seguras, eficientes y sostenibles.<\/span><\/p>\n<\/div><div class=\"fusion-image-element \" style=\"text-align:left;--awb-margin-top:50px;--awb-caption-title-font-family:var(--h2_typography-font-family);--awb-caption-title-font-weight:var(--h2_typography-font-weight);--awb-caption-title-font-style:var(--h2_typography-font-style);--awb-caption-title-size:var(--h2_typography-font-size);--awb-caption-title-transform:var(--h2_typography-text-transform);--awb-caption-title-line-height:var(--h2_typography-line-height);--awb-caption-title-letter-spacing:var(--h2_typography-letter-spacing);\"><span class=\" fusion-imageframe imageframe-none imageframe-4 hover-type-none\"><a class=\"fusion-no-lightbox\" href=\"http:\/\/coreal.cl\" target=\"_self\" aria-label=\"boton coreal\"><img decoding=\"async\" width=\"180\" height=\"43\" src=\"https:\/\/conecta4.cl\/wp-content\/uploads\/2020\/10\/boton-coreal.png\" alt class=\"img-responsive wp-image-1811\"\/><\/a><\/span><\/div><\/div><\/div><\/div><\/div><div class=\"fusion-fullwidth fullwidth-box fusion-builder-row-3 fusion-flex-container nonhundred-percent-fullwidth non-hundred-percent-height-scrolling\" style=\"--awb-border-radius-top-left:0px;--awb-border-radius-top-right:0px;--awb-border-radius-bottom-right:0px;--awb-border-radius-bottom-left:0px;--awb-background-color:#0e587b;--awb-flex-wrap:wrap;\" ><div class=\"fusion-builder-row fusion-row fusion-flex-align-items-flex-start fusion-flex-content-wrap\" style=\"max-width:1508px;margin-left: calc(-4% \/ 2 );margin-right: calc(-4% \/ 2 );\"><div class=\"fusion-layout-column fusion_builder_column fusion-builder-column-4 fusion_builder_column_1_5 1_5 fusion-flex-column\" style=\"--awb-bg-size:cover;--awb-width-large:20%;--awb-margin-top-large:0px;--awb-spacing-right-large:9.6%;--awb-margin-bottom-large:20px;--awb-spacing-left-large:9.6%;--awb-width-medium:100%;--awb-order-medium:0;--awb-spacing-right-medium:1.92%;--awb-spacing-left-medium:1.92%;--awb-width-small:100%;--awb-order-small:0;--awb-spacing-right-small:1.92%;--awb-spacing-left-small:1.92%;\"><div class=\"fusion-column-wrapper fusion-column-has-shadow fusion-flex-justify-content-flex-start fusion-content-layout-column\"><div class=\"fusion-separator fusion-full-width-sep\" style=\"align-self: center;margin-left: auto;margin-right: auto;margin-top:80px;width:100%;\"><\/div><div class=\"fusion-image-element \" style=\"text-align:center;--awb-caption-title-font-family:var(--h2_typography-font-family);--awb-caption-title-font-weight:var(--h2_typography-font-weight);--awb-caption-title-font-style:var(--h2_typography-font-style);--awb-caption-title-size:var(--h2_typography-font-size);--awb-caption-title-transform:var(--h2_typography-text-transform);--awb-caption-title-line-height:var(--h2_typography-line-height);--awb-caption-title-letter-spacing:var(--h2_typography-letter-spacing);\"><span class=\" fusion-imageframe imageframe-none imageframe-5 hover-type-none\"><img decoding=\"async\" width=\"167\" height=\"60\" title=\"conecta4 logo blanco\" src=\"https:\/\/conecta4.cl\/wp-content\/uploads\/2020\/10\/conecta4-logo-blanco.png\" alt class=\"img-responsive wp-image-1692\"\/><\/span><\/div><div class=\"fusion-separator fusion-full-width-sep\" style=\"align-self: center;margin-left: auto;margin-right: auto;margin-top:80px;width:100%;\"><\/div><\/div><\/div><div class=\"fusion-layout-column fusion_builder_column fusion-builder-column-5 fusion_builder_column_1_5 1_5 fusion-flex-column\" style=\"--awb-bg-size:cover;--awb-width-large:20%;--awb-margin-top-large:0px;--awb-spacing-right-large:9.6%;--awb-margin-bottom-large:20px;--awb-spacing-left-large:9.6%;--awb-width-medium:100%;--awb-order-medium:0;--awb-spacing-right-medium:1.92%;--awb-spacing-left-medium:1.92%;--awb-width-small:100%;--awb-order-small:0;--awb-spacing-right-small:1.92%;--awb-spacing-left-small:1.92%;\"><div class=\"fusion-column-wrapper fusion-column-has-shadow fusion-flex-justify-content-flex-start fusion-content-layout-column\"><div class=\"fusion-separator fusion-full-width-sep\" style=\"align-self: center;margin-left: auto;margin-right: auto;margin-top:100px;width:100%;\"><\/div><div class=\"fusion-text fusion-text-3\"><p style=\"text-align: center;\"><span style=\"font-family: century-gothic; font-size: 12pt; color: #ffffff;\">Aviso legal<\/span><\/p>\n<\/div><\/div><\/div><div class=\"fusion-layout-column fusion_builder_column fusion-builder-column-6 fusion_builder_column_1_5 1_5 fusion-flex-column\" style=\"--awb-bg-size:cover;--awb-width-large:20%;--awb-margin-top-large:0px;--awb-spacing-right-large:9.6%;--awb-margin-bottom-large:20px;--awb-spacing-left-large:9.6%;--awb-width-medium:100%;--awb-order-medium:0;--awb-spacing-right-medium:1.92%;--awb-spacing-left-medium:1.92%;--awb-width-small:100%;--awb-order-small:0;--awb-spacing-right-small:1.92%;--awb-spacing-left-small:1.92%;\"><div class=\"fusion-column-wrapper fusion-column-has-shadow fusion-flex-justify-content-flex-start fusion-content-layout-column\"><div class=\"fusion-separator fusion-full-width-sep\" style=\"align-self: center;margin-left: auto;margin-right: auto;margin-top:100px;width:100%;\"><\/div><div class=\"fusion-text fusion-text-4\"><p style=\"text-align: center;\"><span style=\"font-family: century-gothic; font-size: 12pt; color: #ffffff;\">Pol\u00edtica de Privacidad legal<\/span><\/p>\n<\/div><\/div><\/div><div class=\"fusion-layout-column fusion_builder_column fusion-builder-column-7 fusion_builder_column_1_5 1_5 fusion-flex-column\" style=\"--awb-bg-size:cover;--awb-width-large:20%;--awb-margin-top-large:0px;--awb-spacing-right-large:9.6%;--awb-margin-bottom-large:20px;--awb-spacing-left-large:9.6%;--awb-width-medium:100%;--awb-order-medium:0;--awb-spacing-right-medium:1.92%;--awb-spacing-left-medium:1.92%;--awb-width-small:100%;--awb-order-small:0;--awb-spacing-right-small:1.92%;--awb-spacing-left-small:1.92%;\"><div class=\"fusion-column-wrapper fusion-column-has-shadow fusion-flex-justify-content-flex-start fusion-content-layout-column\"><div class=\"fusion-separator fusion-full-width-sep\" style=\"align-self: center;margin-left: auto;margin-right: auto;margin-top:100px;width:100%;\"><\/div><div class=\"fusion-text fusion-text-5\"><p style=\"text-align: center;\"><span style=\"font-family: century-gothic; font-size: 12pt; color: #ffffff;\">Pol\u00edtica de cookies<\/span><\/p>\n<\/div><\/div><\/div><div class=\"fusion-layout-column fusion_builder_column fusion-builder-column-8 fusion_builder_column_1_5 1_5 fusion-flex-column\" style=\"--awb-bg-size:cover;--awb-width-large:20%;--awb-margin-top-large:0px;--awb-spacing-right-large:9.6%;--awb-margin-bottom-large:20px;--awb-spacing-left-large:9.6%;--awb-width-medium:100%;--awb-order-medium:0;--awb-spacing-right-medium:1.92%;--awb-spacing-left-medium:1.92%;--awb-width-small:100%;--awb-order-small:0;--awb-spacing-right-small:1.92%;--awb-spacing-left-small:1.92%;\"><div class=\"fusion-column-wrapper fusion-column-has-shadow fusion-flex-justify-content-flex-start fusion-content-layout-column\"><div class=\"fusion-separator fusion-full-width-sep\" style=\"align-self: center;margin-left: auto;margin-right: auto;margin-top:100px;width:100%;\"><\/div><div class=\"fusion-text fusion-text-6\"><p style=\"text-align: center;\"><span style=\"font-family: century-gothic; font-size: 12pt; color: #ffffff;\">Contacto<\/span><\/p>\n<\/div><\/div><\/div><\/div><\/div><\/p>\n","protected":false},"excerpt":{"rendered":"","protected":false},"author":2,"featured_media":0,"parent":0,"menu_order":0,"comment_status":"closed","ping_status":"closed","template":"100-width.php","meta":{"footnotes":""},"class_list":["post-1799","page","type-page","status-publish","hentry"],"_links":{"self":[{"href":"https:\/\/conecta4.cl\/index.php?rest_route=\/wp\/v2\/pages\/1799","targetHints":{"allow":["GET"]}}],"collection":[{"href":"https:\/\/conecta4.cl\/index.php?rest_route=\/wp\/v2\/pages"}],"about":[{"href":"https:\/\/conecta4.cl\/index.php?rest_route=\/wp\/v2\/types\/page"}],"author":[{"embeddable":true,"href":"https:\/\/conecta4.cl\/index.php?rest_route=\/wp\/v2\/users\/2"}],"replies":[{"embeddable":true,"href":"https:\/\/conecta4.cl\/index.php?rest_route=%2Fwp%2Fv2%2Fcomments&post=1799"}],"version-history":[{"count":23,"href":"https:\/\/conecta4.cl\/index.php?rest_route=\/wp\/v2\/pages\/1799\/revisions"}],"predecessor-version":[{"id":1992,"href":"https:\/\/conecta4.cl\/index.php?rest_route=\/wp\/v2\/pages\/1799\/revisions\/1992"}],"wp:attachment":[{"href":"https:\/\/conecta4.cl\/index.php?rest_route=%2Fwp%2Fv2%2Fmedia&parent=1799"}],"curies":[{"name":"wp","href":"https:\/\/api.w.org\/{rel}","templated":true}]}}